{"id":791,"date":"2024-09-19T10:52:01","date_gmt":"2024-09-19T08:52:01","guid":{"rendered":"https:\/\/www.rtgbratislava.sk\/?page_id=791"},"modified":"2024-09-23T15:46:19","modified_gmt":"2024-09-23T13:46:19","slug":"rtg","status":"publish","type":"page","link":"https:\/\/www.rtgbratislava.sk\/?page_id=791","title":{"rendered":"RTG"},"content":{"rendered":"\n<h2 class=\"wp-block-heading\">BEZ OBJEDNANIA<\/h2>\n\n\n\n<p><\/p>\n\n\n\n<p><strong>RTG Vy\u0161etrenie (R\u00f6ntgenov\u00e9 Vy\u0161etrenie)<\/strong><\/p>\n\n\n\n<p>Vy\u0161etrenie, ktor\u00e9 vykon\u00e1vame. <\/p>\n\n\n\n<figure class=\"wp-block-table\"><table class=\"has-fixed-layout\"><tbody><tr><td><strong>RTG vy\u0161etrenie<\/strong><\/td><\/tr><tr><td>Hrudn\u00edk<\/td><\/tr><tr><td>Rameno<\/td><\/tr><tr><td>C chrbtice \u2013 2 proj.<\/td><\/tr><tr><td>Th, SL \u2013 1 proj.<\/td><\/tr><tr><td>Th LS \u2013 2 proj.<\/td><\/tr><tr><td>PND<\/td><\/tr><tr><td>Lebka<\/td><\/tr><tr><td>Ruky, Nohy<\/td><\/tr><tr><td>\u010clenok, P\u00e4\u0165y<\/td><\/tr><tr><td>Kolen\u00e1, Panva, Koxy<\/td><\/tr><tr><td>Sandberg<\/td><\/tr><\/tbody><\/table><\/figure>\n\n\n\n<p>R\u00f6ntgenov\u00e9 vy\u0161etrenie (RTG) je z\u00e1kladn\u00e1 r\u00e1diologick\u00e1 zobrazovacia met\u00f3da, ktor\u00e1 vyu\u017e\u00edva fyzik\u00e1lne vlastnosti X-l\u00fa\u010dov na vytv\u00e1ranie statick\u00fdch obrazov \u010dast\u00ed \u013eudsk\u00e9ho tela. Na na\u0161om pracovisku pou\u017e\u00edvame modern\u00fd skiagrafick\u00fd pr\u00edstroj EDITOR HFc OKS 2000, ktor\u00fd poskytuje ni\u017e\u0161iu radia\u010dn\u00fa z\u00e1\u0165a\u017e pre pacientov.<\/p>\n\n\n\n<p><\/p>\n","protected":false},"excerpt":{"rendered":"<p>BEZ OBJEDNANIA RTG Vy\u0161etrenie (R\u00f6ntgenov\u00e9 Vy\u0161etrenie) Vy\u0161etrenie, ktor\u00e9 vykon\u00e1vame. RTG vy\u0161etrenie Hrudn\u00edk Rameno C chrbtice \u2013 2 proj. Th, SL \u2013 1 proj. Th LS \u2013 2 proj. PND Lebka Ruky, Nohy \u010clenok, P\u00e4\u0165y Kolen\u00e1, Panva, Koxy Sandberg R\u00f6ntgenov\u00e9 vy\u0161etrenie (RTG) je z\u00e1kladn\u00e1 r\u00e1diologick\u00e1 zobrazovacia met\u00f3da, ktor\u00e1 vyu\u017e\u00edva fyzik\u00e1lne vlastnosti X-l\u00fa\u010dov na vytv\u00e1ranie statick\u00fdch obrazov [&hellip;]<\/p>\n","protected":false},"author":1,"featured_media":0,"parent":0,"menu_order":0,"comment_status":"closed","ping_status":"closed","template":"","meta":{"footnotes":""},"class_list":["post-791","page","type-page","status-publish","hentry"],"_links":{"self":[{"href":"https:\/\/www.rtgbratislava.sk\/index.php?rest_route=\/wp\/v2\/pages\/791","targetHints":{"allow":["GET"]}}],"collection":[{"href":"https:\/\/www.rtgbratislava.sk\/index.php?rest_route=\/wp\/v2\/pages"}],"about":[{"href":"https:\/\/www.rtgbratislava.sk\/index.php?rest_route=\/wp\/v2\/types\/page"}],"author":[{"embeddable":true,"href":"https:\/\/www.rtgbratislava.sk\/index.php?rest_route=\/wp\/v2\/users\/1"}],"replies":[{"embeddable":true,"href":"https:\/\/www.rtgbratislava.sk\/index.php?rest_route=%2Fwp%2Fv2%2Fcomments&post=791"}],"version-history":[{"count":5,"href":"https:\/\/www.rtgbratislava.sk\/index.php?rest_route=\/wp\/v2\/pages\/791\/revisions"}],"predecessor-version":[{"id":930,"href":"https:\/\/www.rtgbratislava.sk\/index.php?rest_route=\/wp\/v2\/pages\/791\/revisions\/930"}],"wp:attachment":[{"href":"https:\/\/www.rtgbratislava.sk\/index.php?rest_route=%2Fwp%2Fv2%2Fmedia&parent=791"}],"curies":[{"name":"wp","href":"https:\/\/api.w.org\/{rel}","templated":true}]}}