{"id":756,"date":"2024-09-18T18:17:34","date_gmt":"2024-09-18T16:17:34","guid":{"rendered":"https:\/\/www.rtgbratislava.sk\/?page_id=756"},"modified":"2024-09-20T14:41:37","modified_gmt":"2024-09-20T12:41:37","slug":"blog","status":"publish","type":"page","link":"https:\/\/www.rtgbratislava.sk\/?page_id=756","title":{"rendered":"Blog"},"content":{"rendered":"\n<div class=\"wp-block-columns is-layout-flex wp-container-core-columns-is-layout-9d6595d7 wp-block-columns-is-layout-flex\">\n<div class=\"wp-block-column is-layout-flow wp-block-column-is-layout-flow\">\n<div class=\"wp-block-buttons is-layout-flex wp-block-buttons-is-layout-flex\">\n<div class=\"wp-block-button\"><a class=\"wp-block-button__link wp-element-button\">Sonografia prsn\u00edkov<\/a><\/div>\n<\/div>\n<\/div>\n\n\n\n<div class=\"wp-block-column is-layout-flow wp-block-column-is-layout-flow\">\n<div class=\"wp-block-buttons is-content-justification-space-between is-layout-flex wp-container-core-buttons-is-layout-3d213aab wp-block-buttons-is-layout-flex\">\n<div class=\"wp-block-button is-style-fill\"><a class=\"wp-block-button__link wp-element-button\">SONOGRAFIA BRUCHA<\/a><\/div>\n<\/div>\n<\/div>\n\n\n\n<div class=\"wp-block-column is-layout-flow wp-block-column-is-layout-flow\">\n<div class=\"wp-block-buttons is-layout-flex wp-block-buttons-is-layout-flex\">\n<div class=\"wp-block-button\"><a class=\"wp-block-button__link wp-element-button\" href=\"https:\/\/www.rtgbratislava.sk\/?p=778\">USG M\u00e4kk\u00fdch \u010dast\u00ed, Svalov a Uzl\u00edn<\/a><\/div>\n<\/div>\n<\/div>\n<\/div>\n\n\n\n<div class=\"wp-block-buttons is-layout-flex wp-block-buttons-is-layout-flex\">\n<div class=\"wp-block-button\"><a class=\"wp-block-button__link wp-element-button\" href=\"https:\/\/www.rtgbratislava.sk\/?p=774\">Ultrazvuk pleur\u00e1lnej dutiny<\/a><\/div>\n\n\n\n<div class=\"wp-block-button\"><a class=\"wp-block-button__link wp-element-button\" href=\"https:\/\/www.rtgbratislava.sk\/?p=784\">\u010cast\u00e9 ot\u00e1zky o ultrazvuku<\/a><\/div>\n<\/div>\n\n\n\n<figure class=\"wp-block-image size-large\"><img loading=\"lazy\" decoding=\"async\" width=\"1024\" height=\"576\" src=\"https:\/\/www.rtgbratislava.sk\/wp-content\/uploads\/2024\/09\/7-1024x576.jpg\" alt=\"\" class=\"wp-image-743\" srcset=\"https:\/\/www.rtgbratislava.sk\/wp-content\/uploads\/2024\/09\/7-1024x576.jpg 1024w, https:\/\/www.rtgbratislava.sk\/wp-content\/uploads\/2024\/09\/7-300x169.jpg 300w, https:\/\/www.rtgbratislava.sk\/wp-content\/uploads\/2024\/09\/7-768x432.jpg 768w, https:\/\/www.rtgbratislava.sk\/wp-content\/uploads\/2024\/09\/7-1536x864.jpg 1536w, https:\/\/www.rtgbratislava.sk\/wp-content\/uploads\/2024\/09\/7.jpg 1920w\" sizes=\"auto, (max-width: 1024px) 100vw, 1024px\" \/><\/figure>\n","protected":false},"excerpt":{"rendered":"","protected":false},"author":1,"featured_media":0,"parent":0,"menu_order":0,"comment_status":"closed","ping_status":"closed","template":"","meta":{"footnotes":""},"class_list":["post-756","page","type-page","status-publish","hentry"],"_links":{"self":[{"href":"https:\/\/www.rtgbratislava.sk\/index.php?rest_route=\/wp\/v2\/pages\/756","targetHints":{"allow":["GET"]}}],"collection":[{"href":"https:\/\/www.rtgbratislava.sk\/index.php?rest_route=\/wp\/v2\/pages"}],"about":[{"href":"https:\/\/www.rtgbratislava.sk\/index.php?rest_route=\/wp\/v2\/types\/page"}],"author":[{"embeddable":true,"href":"https:\/\/www.rtgbratislava.sk\/index.php?rest_route=\/wp\/v2\/users\/1"}],"replies":[{"embeddable":true,"href":"https:\/\/www.rtgbratislava.sk\/index.php?rest_route=%2Fwp%2Fv2%2Fcomments&post=756"}],"version-history":[{"count":4,"href":"https:\/\/www.rtgbratislava.sk\/index.php?rest_route=\/wp\/v2\/pages\/756\/revisions"}],"predecessor-version":[{"id":928,"href":"https:\/\/www.rtgbratislava.sk\/index.php?rest_route=\/wp\/v2\/pages\/756\/revisions\/928"}],"wp:attachment":[{"href":"https:\/\/www.rtgbratislava.sk\/index.php?rest_route=%2Fwp%2Fv2%2Fmedia&parent=756"}],"curies":[{"name":"wp","href":"https:\/\/api.w.org\/{rel}","templated":true}]}}