{"id":738,"date":"2024-09-18T18:00:14","date_gmt":"2024-09-18T16:00:14","guid":{"rendered":"https:\/\/www.rtgbratislava.sk\/?page_id=738"},"modified":"2024-09-27T12:19:18","modified_gmt":"2024-09-27T10:19:18","slug":"ordinacne-hodiny","status":"publish","type":"page","link":"https:\/\/www.rtgbratislava.sk\/?page_id=738","title":{"rendered":"Ordina\u010dn\u00e9 Hodiny"},"content":{"rendered":"\n<div class=\"wp-block-columns is-layout-flex wp-container-core-columns-is-layout-9d6595d7 wp-block-columns-is-layout-flex\">\n<div class=\"wp-block-column is-layout-flow wp-block-column-is-layout-flow\">\n<h2 class=\"wp-block-heading\">RTG -R\u00e1diodiagnostika<br>Teheln\u00e1 26, Bratislava<\/h2>\n\n\n\n<p><\/p>\n\n\n\n<p><\/p>\n\n\n\n<p><\/p>\n\n\n\n<h4 class=\"wp-block-heading has-text-align-left\">Pondelok 7:30 &#8211; 13:00<\/h4>\n\n\n\n<h4 class=\"wp-block-heading has-text-align-left\">Utorok 7:30 &#8211; 13:00<\/h4>\n\n\n\n<h4 class=\"wp-block-heading has-text-align-left\">Streda 7:30 &#8211; 13:00<\/h4>\n\n\n\n<h4 class=\"wp-block-heading has-text-align-left\">\u0160tvrtok 7:30 &#8211; 13:00<\/h4>\n\n\n\n<h4 class=\"wp-block-heading has-text-align-left\">Piatok 7:30 &#8211; 13:00<\/h4>\n\n\n\n<h2 class=\"wp-block-heading\"><\/h2>\n<\/div>\n\n\n\n<div class=\"wp-block-column is-layout-flow wp-block-column-is-layout-flow\">\n<h2 class=\"wp-block-heading\">USG a Sonografia<br>Teheln\u00e1 26, Bratislava<\/h2>\n\n\n\n<div class=\"wp-block-buttons is-layout-flex wp-block-buttons-is-layout-flex\">\n<div class=\"wp-block-button is-style-fill\"><a class=\"wp-block-button__link has-text-align-center wp-element-button\" href=\"https:\/\/www.rtgbratislava.sk\/wp-admin\/post.php?post=793&amp;action=edit\">OBJEDNANIE ONLINE<\/a><\/div>\n<\/div>\n\n\n\n<p><\/p>\n\n\n\n<h4 class=\"wp-block-heading\">Pondelok 7:30 &#8211; 14:30<\/h4>\n\n\n\n<h4 class=\"wp-block-heading\">Utorok 7:30 &#8211; 14:30<\/h4>\n\n\n\n<h4 class=\"wp-block-heading\">Streda 7:30 &#8211; 14:30<\/h4>\n\n\n\n<h4 class=\"wp-block-heading\">\u0160tvrtok 7:30 &#8211; 14:30<\/h4>\n\n\n\n<h4 class=\"wp-block-heading\">Piatok 7:30 &#8211; 14:30<\/h4>\n<\/div>\n<\/div>\n\n\n\n<div class=\"wp-block-columns is-layout-flex wp-container-core-columns-is-layout-9d6595d7 wp-block-columns-is-layout-flex\">\n<div class=\"wp-block-column is-layout-flow wp-block-column-is-layout-flow\">\n<h2 class=\"wp-block-heading\"><strong>BEZ OBJEDNANIA<\/strong><\/h2>\n\n\n\n<h2 class=\"wp-block-heading\">RTG -R\u00e1diodiagnostika<br>Bebravsk\u00e1 34, Bratislava<\/h2>\n\n\n\n<h4 class=\"wp-block-heading\">Pondelok 7:30 \u2013 13:00<\/h4>\n\n\n\n<h4 class=\"wp-block-heading\">Utorok 7:30 \u2013 13:00<\/h4>\n\n\n\n<h4 class=\"wp-block-heading\">Streda 7:30 \u2013 13:00<\/h4>\n\n\n\n<h4 class=\"wp-block-heading\">\u0160tvrtok 7:30 \u2013 13:00<\/h4>\n\n\n\n<h4 class=\"wp-block-heading\">Piatok 7:30 \u2013 13:00<\/h4>\n\n\n\n<p>KONTAKT:<\/p>\n\n\n\n<p>+421 948 844 844<\/p>\n\n\n\n<p>rtg@thclinic.sk<\/p>\n\n\n\n<p>www.rtgbratislava.sk<\/p>\n<\/div>\n\n\n\n<div class=\"wp-block-column is-layout-flow wp-block-column-is-layout-flow\">\n<figure class=\"wp-block-gallery has-nested-images columns-default is-cropped wp-block-gallery-1 is-layout-flex wp-block-gallery-is-layout-flex\">\n<figure class=\"wp-block-image size-large\"><img loading=\"lazy\" decoding=\"async\" width=\"1024\" height=\"576\" data-id=\"743\" src=\"https:\/\/www.rtgbratislava.sk\/wp-content\/uploads\/2024\/09\/7-1024x576.jpg\" alt=\"\" class=\"wp-image-743\" srcset=\"https:\/\/www.rtgbratislava.sk\/wp-content\/uploads\/2024\/09\/7-1024x576.jpg 1024w, https:\/\/www.rtgbratislava.sk\/wp-content\/uploads\/2024\/09\/7-300x169.jpg 300w, https:\/\/www.rtgbratislava.sk\/wp-content\/uploads\/2024\/09\/7-768x432.jpg 768w, https:\/\/www.rtgbratislava.sk\/wp-content\/uploads\/2024\/09\/7-1536x864.jpg 1536w, https:\/\/www.rtgbratislava.sk\/wp-content\/uploads\/2024\/09\/7.jpg 1920w\" sizes=\"auto, (max-width: 1024px) 100vw, 1024px\" \/><\/figure>\n<\/figure>\n<\/div>\n<\/div>\n\n\n\n<div class=\"wp-block-buttons is-layout-flex wp-block-buttons-is-layout-flex\"><\/div>\n","protected":false},"excerpt":{"rendered":"<p>RTG -R\u00e1diodiagnostikaTeheln\u00e1 26, Bratislava Pondelok 7:30 &#8211; 13:00 Utorok 7:30 &#8211; 13:00 Streda 7:30 &#8211; 13:00 \u0160tvrtok 7:30 &#8211; 13:00 Piatok 7:30 &#8211; 13:00 USG a SonografiaTeheln\u00e1 26, Bratislava Pondelok 7:30 &#8211; 14:30 Utorok 7:30 &#8211; 14:30 Streda 7:30 &#8211; 14:30 \u0160tvrtok 7:30 &#8211; 14:30 Piatok 7:30 &#8211; 14:30 BEZ OBJEDNANIA RTG -R\u00e1diodiagnostikaBebravsk\u00e1 34, Bratislava [&hellip;]<\/p>\n","protected":false},"author":1,"featured_media":0,"parent":0,"menu_order":0,"comment_status":"closed","ping_status":"closed","template":"","meta":{"footnotes":""},"class_list":["post-738","page","type-page","status-publish","hentry"],"_links":{"self":[{"href":"https:\/\/www.rtgbratislava.sk\/index.php?rest_route=\/wp\/v2\/pages\/738","targetHints":{"allow":["GET"]}}],"collection":[{"href":"https:\/\/www.rtgbratislava.sk\/index.php?rest_route=\/wp\/v2\/pages"}],"about":[{"href":"https:\/\/www.rtgbratislava.sk\/index.php?rest_route=\/wp\/v2\/types\/page"}],"author":[{"embeddable":true,"href":"https:\/\/www.rtgbratislava.sk\/index.php?rest_route=\/wp\/v2\/users\/1"}],"replies":[{"embeddable":true,"href":"https:\/\/www.rtgbratislava.sk\/index.php?rest_route=%2Fwp%2Fv2%2Fcomments&post=738"}],"version-history":[{"count":9,"href":"https:\/\/www.rtgbratislava.sk\/index.php?rest_route=\/wp\/v2\/pages\/738\/revisions"}],"predecessor-version":[{"id":1033,"href":"https:\/\/www.rtgbratislava.sk\/index.php?rest_route=\/wp\/v2\/pages\/738\/revisions\/1033"}],"wp:attachment":[{"href":"https:\/\/www.rtgbratislava.sk\/index.php?rest_route=%2Fwp%2Fv2%2Fmedia&parent=738"}],"curies":[{"name":"wp","href":"https:\/\/api.w.org\/{rel}","templated":true}]}}