{"id":6,"date":"2021-08-31T16:58:17","date_gmt":"2021-08-31T14:58:17","guid":{"rendered":"https:\/\/www.rtgbratislava.sk\/?page_id=6"},"modified":"2025-04-10T08:14:40","modified_gmt":"2025-04-10T06:14:40","slug":"hlavna-stranka","status":"publish","type":"page","link":"https:\/\/www.rtgbratislava.sk\/","title":{"rendered":""},"content":{"rendered":"\t\t<div data-elementor-type=\"wp-page\" data-elementor-id=\"6\" class=\"elementor elementor-6\" data-elementor-settings=\"[]\">\n\t\t\t\t\t\t\t<div class=\"elementor-section-wrap\">\n\t\t\t\t\t\t\t<section class=\"elementor-section elementor-top-section elementor-element elementor-element-7f0da01d elementor-section-stretched elementor-section-boxed elementor-section-height-default elementor-section-height-default\" data-id=\"7f0da01d\" data-element_type=\"section\" data-settings=\"{&quot;background_background&quot;:&quot;classic&quot;,&quot;shape_divider_top&quot;:&quot;triangle-asymmetrical&quot;,&quot;shape_divider_bottom&quot;:&quot;triangle-asymmetrical&quot;,&quot;stretch_section&quot;:&quot;section-stretched&quot;}\">\n\t\t\t\t\t\t\t<div class=\"elementor-background-overlay\"><\/div>\n\t\t\t\t\t\t<div class=\"elementor-shape elementor-shape-top\" data-negative=\"false\">\n\t\t\t<svg xmlns=\"http:\/\/www.w3.org\/2000\/svg\" viewBox=\"0 0 1000 100\" preserveAspectRatio=\"none\">\n\t<path class=\"elementor-shape-fill\" d=\"M738,99l262-93V0H0v5.6L738,99z\"\/>\n<\/svg>\t\t<\/div>\n\t\t\t\t<div class=\"elementor-shape elementor-shape-bottom\" data-negative=\"false\">\n\t\t\t<svg xmlns=\"http:\/\/www.w3.org\/2000\/svg\" viewBox=\"0 0 1000 100\" preserveAspectRatio=\"none\">\n\t<path class=\"elementor-shape-fill\" d=\"M738,99l262-93V0H0v5.6L738,99z\"\/>\n<\/svg>\t\t<\/div>\n\t\t\t\t\t<div class=\"elementor-container elementor-column-gap-default\">\n\t\t\t\t\t<div class=\"elementor-column elementor-col-100 elementor-top-column elementor-element elementor-element-758d638f\" data-id=\"758d638f\" data-element_type=\"column\">\n\t\t\t<div class=\"elementor-widget-wrap elementor-element-populated\">\n\t\t\t\t\t\t\t\t<div class=\"elementor-element elementor-element-2f2e6eb elementor-widget elementor-widget-heading\" data-id=\"2f2e6eb\" data-element_type=\"widget\" data-widget_type=\"heading.default\">\n\t\t\t\t<div class=\"elementor-widget-container\">\n\t\t\t<h1 class=\"elementor-heading-title elementor-size-xxl\"><span style=\"margin: 0cm; text-wrap: wrap; vertical-align: baseline;\"><span style=\"background: yellow; font-weight: normal;\"><br><\/span><\/span>R\u00e1diologick\u00e9 centrum<br><br>Poliklinika Teheln\u00e1<br>Poliklinika Bebravsk\u00e1<\/h1>\t\t<\/div>\n\t\t\t\t<\/div>\n\t\t\t\t<div class=\"elementor-element elementor-element-efa4dd2 elementor-widget elementor-widget-eael-creative-button\" data-id=\"efa4dd2\" data-element_type=\"widget\" data-widget_type=\"eael-creative-button.default\">\n\t\t\t\t<div class=\"elementor-widget-container\">\n\t\t\t        <div class=\"eael-creative-button-wrapper\">\n\n            <a class=\"eael-creative-button eael-creative-button--default\" href=\"https:\/\/services.bookio.com\/radiolog-sro\/widget?lang=sk\" data-text=\"Go!\">\n\n                <div class=\"creative-button-inner\">\n\n                    \n                    <span class=\"cretive-button-text\">OBJEDNA\u0164 SA <\/span>\n\n                                    <\/div>\n            <\/a>\n        <\/div>\n\t\t<\/div>\n\t\t\t\t<\/div>\n\t\t\t\t<div class=\"elementor-element elementor-element-6c3de41a animated-fast elementor-invisible elementor-widget elementor-widget-heading\" data-id=\"6c3de41a\" data-element_type=\"widget\" data-settings=\"{&quot;_animation&quot;:&quot;fadeIn&quot;}\" data-widget_type=\"heading.default\">\n\t\t\t\t<div class=\"elementor-widget-container\">\n\t\t\t<h1 class=\"elementor-heading-title elementor-size-default\">RTG - bez objednania<br>SONOGRAFIA - na objednanie<\/h1>\t\t<\/div>\n\t\t\t\t<\/div>\n\t\t\t\t<div class=\"elementor-element elementor-element-5b625fd elementor-widget elementor-widget-spacer\" data-id=\"5b625fd\" data-element_type=\"widget\" data-widget_type=\"spacer.default\">\n\t\t\t\t<div class=\"elementor-widget-container\">\n\t\t\t\t\t<div class=\"elementor-spacer\">\n\t\t\t<div class=\"elementor-spacer-inner\"><\/div>\n\t\t<\/div>\n\t\t\t\t<\/div>\n\t\t\t\t<\/div>\n\t\t\t\t<div class=\"elementor-element elementor-element-514a98c0 animated-fast elementor-invisible elementor-widget elementor-widget-heading\" data-id=\"514a98c0\" data-element_type=\"widget\" data-settings=\"{&quot;_animation&quot;:&quot;fadeIn&quot;}\" data-widget_type=\"heading.default\">\n\t\t\t\t<div class=\"elementor-widget-container\">\n\t\t\t<h1 class=\"elementor-heading-title elementor-size-medium\">Poliklinika Teheln\u00e1, ul. Teheln\u00e1 26,  Bratislava-Nov\u00e9 Mesto<br> -zmluvn\u00fd vz\u0165ah V\u0161ZP a UNION,  <span data-elementor-setting-key=\"title\" data-pen-placeholder=\"Type Here...\" style=\"border: 0px; vertical-align: baseline; clear: both;\">pacientov D\u00f4vera vy\u0161etr\u00edme iba ako samoplatcov.<\/span><br><br><br>Poliklinika Bebravsk\u00e1, ul. Bebravsk\u00e1 34, Bratislava-Podunajsk\u00e9 Biskupice<br>- zmluvn\u00fd vz\u0165ah V\u0161ZP, UNION, D\u00f4vera <\/h1>\t\t<\/div>\n\t\t\t\t<\/div>\n\t\t\t\t<div class=\"elementor-element elementor-element-7a0feec elementor-align-left animated-slow elementor-mobile-align-center elementor-invisible elementor-widget elementor-widget-button\" data-id=\"7a0feec\" data-element_type=\"widget\" data-settings=\"{&quot;_animation&quot;:&quot;fadeIn&quot;}\" data-widget_type=\"button.default\">\n\t\t\t\t<div class=\"elementor-widget-container\">\n\t\t\t\t\t<div class=\"elementor-button-wrapper\">\n\t\t\t<a href=\"https:\/\/www.rtgbratislava.sk\/?page_id=665\" class=\"elementor-button-link elementor-button elementor-size-sm elementor-animation-grow\" role=\"button\">\n\t\t\t\t\t\t<span class=\"elementor-button-content-wrapper\">\n\t\t\t\t\t\t<span class=\"elementor-button-text\">Cenn\u00edk pre samoplatcov<\/span>\n\t\t<\/span>\n\t\t\t\t\t<\/a>\n\t\t<\/div>\n\t\t\t\t<\/div>\n\t\t\t\t<\/div>\n\t\t\t\t<div class=\"elementor-element elementor-element-f6def90 elementor-widget elementor-widget-text-editor\" data-id=\"f6def90\" data-element_type=\"widget\" data-widget_type=\"text-editor.default\">\n\t\t\t\t<div class=\"elementor-widget-container\">\n\t\t\t\t\t\t\t<p><strong style=\"font-style: inherit; letter-spacing: 0.2px;\">.<\/strong><\/p>\t\t\t\t\t\t<\/div>\n\t\t\t\t<\/div>\n\t\t\t\t\t<\/div>\n\t\t<\/div>\n\t\t\t\t\t\t\t<\/div>\n\t\t<\/section>\n\t\t\t\t<section class=\"elementor-section elementor-top-section elementor-element elementor-element-2cd032e elementor-section-boxed elementor-section-height-default elementor-section-height-default\" data-id=\"2cd032e\" data-element_type=\"section\">\n\t\t\t\t\t\t<div class=\"elementor-container elementor-column-gap-default\">\n\t\t\t\t\t<div class=\"elementor-column elementor-col-33 elementor-top-column elementor-element elementor-element-56896ae\" data-id=\"56896ae\" data-element_type=\"column\">\n\t\t\t<div class=\"elementor-widget-wrap elementor-element-populated\">\n\t\t\t\t\t\t\t\t<div class=\"elementor-element elementor-element-ab990ce elementor-align-center elementor-button-success elementor-widget elementor-widget-button\" data-id=\"ab990ce\" data-element_type=\"widget\" data-widget_type=\"button.default\">\n\t\t\t\t<div class=\"elementor-widget-container\">\n\t\t\t\t\t<div class=\"elementor-button-wrapper\">\n\t\t\t<a href=\"http:\/\/www.rtgbratislava.sk\/?page_id=790\" target=\"_blank\" class=\"elementor-button-link elementor-button elementor-size-xl\" role=\"button\">\n\t\t\t\t\t\t<span class=\"elementor-button-content-wrapper\">\n\t\t\t\t\t\t<span class=\"elementor-button-text\">SONOGRAFIA<\/span>\n\t\t<\/span>\n\t\t\t\t\t<\/a>\n\t\t<\/div>\n\t\t\t\t<\/div>\n\t\t\t\t<\/div>\n\t\t\t\t<div class=\"elementor-element elementor-element-fbcb122 elementor-widget elementor-widget-image\" data-id=\"fbcb122\" data-element_type=\"widget\" data-widget_type=\"image.default\">\n\t\t\t\t<div class=\"elementor-widget-container\">\n\t\t\t\t\t\t\t\t\t\t\t\t\t\t\t<img loading=\"lazy\" decoding=\"async\" width=\"1920\" height=\"1080\" src=\"https:\/\/www.rtgbratislava.sk\/wp-content\/uploads\/2024\/09\/7.jpg\" class=\"attachment-full size-full\" alt=\"\" srcset=\"https:\/\/www.rtgbratislava.sk\/wp-content\/uploads\/2024\/09\/7.jpg 1920w, https:\/\/www.rtgbratislava.sk\/wp-content\/uploads\/2024\/09\/7-300x169.jpg 300w, https:\/\/www.rtgbratislava.sk\/wp-content\/uploads\/2024\/09\/7-1024x576.jpg 1024w, https:\/\/www.rtgbratislava.sk\/wp-content\/uploads\/2024\/09\/7-768x432.jpg 768w, https:\/\/www.rtgbratislava.sk\/wp-content\/uploads\/2024\/09\/7-1536x864.jpg 1536w\" sizes=\"auto, (max-width: 1920px) 100vw, 1920px\" \/>\t\t\t\t\t\t\t\t\t\t\t\t\t\t\t<\/div>\n\t\t\t\t<\/div>\n\t\t\t\t\t<\/div>\n\t\t<\/div>\n\t\t\t\t<div class=\"elementor-column elementor-col-33 elementor-top-column elementor-element elementor-element-a2db9db\" data-id=\"a2db9db\" data-element_type=\"column\">\n\t\t\t<div class=\"elementor-widget-wrap elementor-element-populated\">\n\t\t\t\t\t\t\t\t<div class=\"elementor-element elementor-element-cf92123 elementor-align-center elementor-widget elementor-widget-button\" data-id=\"cf92123\" data-element_type=\"widget\" data-widget_type=\"button.default\">\n\t\t\t\t<div class=\"elementor-widget-container\">\n\t\t\t\t\t<div class=\"elementor-button-wrapper\">\n\t\t\t<a href=\"http:\/\/www.rtgbratislava.sk\/?page_id=791\" class=\"elementor-button-link elementor-button elementor-size-xl\" role=\"button\">\n\t\t\t\t\t\t<span class=\"elementor-button-content-wrapper\">\n\t\t\t\t\t\t<span class=\"elementor-button-text\">RTG<\/span>\n\t\t<\/span>\n\t\t\t\t\t<\/a>\n\t\t<\/div>\n\t\t\t\t<\/div>\n\t\t\t\t<\/div>\n\t\t\t\t<div class=\"elementor-element elementor-element-4d478e0 elementor-widget elementor-widget-image\" data-id=\"4d478e0\" data-element_type=\"widget\" data-widget_type=\"image.default\">\n\t\t\t\t<div class=\"elementor-widget-container\">\n\t\t\t\t\t\t\t\t\t\t\t\t\t\t\t<img loading=\"lazy\" decoding=\"async\" width=\"525\" height=\"295\" src=\"https:\/\/www.rtgbratislava.sk\/wp-content\/uploads\/2021\/09\/1-1024x576.png\" class=\"attachment-large size-large\" alt=\"Rtg Bratislava\" srcset=\"https:\/\/www.rtgbratislava.sk\/wp-content\/uploads\/2021\/09\/1-1024x576.png 1024w, https:\/\/www.rtgbratislava.sk\/wp-content\/uploads\/2021\/09\/1-300x169.png 300w, https:\/\/www.rtgbratislava.sk\/wp-content\/uploads\/2021\/09\/1-768x432.png 768w, https:\/\/www.rtgbratislava.sk\/wp-content\/uploads\/2021\/09\/1-1536x864.png 1536w, https:\/\/www.rtgbratislava.sk\/wp-content\/uploads\/2021\/09\/1.png 1920w\" sizes=\"auto, (max-width: 525px) 100vw, 525px\" \/>\t\t\t\t\t\t\t\t\t\t\t\t\t\t\t<\/div>\n\t\t\t\t<\/div>\n\t\t\t\t\t<\/div>\n\t\t<\/div>\n\t\t\t\t<div class=\"elementor-column elementor-col-33 elementor-top-column elementor-element elementor-element-7d3ec71\" data-id=\"7d3ec71\" data-element_type=\"column\">\n\t\t\t<div class=\"elementor-widget-wrap elementor-element-populated\">\n\t\t\t\t\t\t\t\t<div class=\"elementor-element elementor-element-26a71e8 elementor-align-center elementor-widget elementor-widget-button\" data-id=\"26a71e8\" data-element_type=\"widget\" data-widget_type=\"button.default\">\n\t\t\t\t<div class=\"elementor-widget-container\">\n\t\t\t\t\t<div class=\"elementor-button-wrapper\">\n\t\t\t<a href=\"https:\/\/www.rtgbratislava.sk\/wp-admin\/post.php?post=756&#038;action=edit\" class=\"elementor-button-link elementor-button elementor-size-xl\" role=\"button\">\n\t\t\t\t\t\t<span class=\"elementor-button-content-wrapper\">\n\t\t\t\t\t\t<span class=\"elementor-button-text\">BLOG <\/span>\n\t\t<\/span>\n\t\t\t\t\t<\/a>\n\t\t<\/div>\n\t\t\t\t<\/div>\n\t\t\t\t<\/div>\n\t\t\t\t<div class=\"elementor-element elementor-element-b25b5e1 elementor-widget elementor-widget-image\" data-id=\"b25b5e1\" data-element_type=\"widget\" data-widget_type=\"image.default\">\n\t\t\t\t<div class=\"elementor-widget-container\">\n\t\t\t\t\t\t\t\t\t\t\t\t\t\t\t<img loading=\"lazy\" decoding=\"async\" width=\"525\" height=\"295\" src=\"https:\/\/www.rtgbratislava.sk\/wp-content\/uploads\/2024\/09\/1-1-1024x576.jpg\" class=\"attachment-large size-large\" alt=\"\" srcset=\"https:\/\/www.rtgbratislava.sk\/wp-content\/uploads\/2024\/09\/1-1-1024x576.jpg 1024w, https:\/\/www.rtgbratislava.sk\/wp-content\/uploads\/2024\/09\/1-1-300x169.jpg 300w, https:\/\/www.rtgbratislava.sk\/wp-content\/uploads\/2024\/09\/1-1-768x432.jpg 768w, https:\/\/www.rtgbratislava.sk\/wp-content\/uploads\/2024\/09\/1-1-1536x864.jpg 1536w, https:\/\/www.rtgbratislava.sk\/wp-content\/uploads\/2024\/09\/1-1.jpg 1920w\" sizes=\"auto, (max-width: 525px) 100vw, 525px\" \/>\t\t\t\t\t\t\t\t\t\t\t\t\t\t\t<\/div>\n\t\t\t\t<\/div>\n\t\t\t\t\t<\/div>\n\t\t<\/div>\n\t\t\t\t\t\t\t<\/div>\n\t\t<\/section>\n\t\t\t\t<section class=\"elementor-section elementor-top-section elementor-element elementor-element-724a404 elementor-section-boxed elementor-section-height-default elementor-section-height-default\" data-id=\"724a404\" data-element_type=\"section\">\n\t\t\t\t\t\t<div class=\"elementor-container elementor-column-gap-default\">\n\t\t\t\t\t<div class=\"elementor-column elementor-col-16 elementor-top-column elementor-element elementor-element-77dafb9\" data-id=\"77dafb9\" data-element_type=\"column\">\n\t\t\t<div class=\"elementor-widget-wrap\">\n\t\t\t\t\t\t\t\t\t<\/div>\n\t\t<\/div>\n\t\t\t\t<div class=\"elementor-column elementor-col-66 elementor-top-column elementor-element elementor-element-7a9bdaf\" data-id=\"7a9bdaf\" data-element_type=\"column\">\n\t\t\t<div class=\"elementor-widget-wrap elementor-element-populated\">\n\t\t\t\t\t\t\t\t<div class=\"elementor-element elementor-element-c8dae56 elementor-widget elementor-widget-heading\" data-id=\"c8dae56\" data-element_type=\"widget\" data-widget_type=\"heading.default\">\n\t\t\t\t<div class=\"elementor-widget-container\">\n\t\t\t<h2 class=\"elementor-heading-title elementor-size-xl\">Pr\u00edprava na vy\u0161etrenie<\/h2>\t\t<\/div>\n\t\t\t\t<\/div>\n\t\t\t\t\t<\/div>\n\t\t<\/div>\n\t\t\t\t<div class=\"elementor-column elementor-col-16 elementor-top-column elementor-element elementor-element-6982c8c\" data-id=\"6982c8c\" data-element_type=\"column\">\n\t\t\t<div class=\"elementor-widget-wrap\">\n\t\t\t\t\t\t\t\t\t<\/div>\n\t\t<\/div>\n\t\t\t\t\t\t\t<\/div>\n\t\t<\/section>\n\t\t\t\t<section class=\"elementor-section elementor-top-section elementor-element elementor-element-b1f50bb elementor-section-boxed elementor-section-height-default elementor-section-height-default\" data-id=\"b1f50bb\" data-element_type=\"section\">\n\t\t\t\t\t\t<div class=\"elementor-container elementor-column-gap-default\">\n\t\t\t\t\t<div class=\"elementor-column elementor-col-33 elementor-top-column elementor-element elementor-element-7b7f1e4\" data-id=\"7b7f1e4\" data-element_type=\"column\">\n\t\t\t<div class=\"elementor-widget-wrap elementor-element-populated\">\n\t\t\t\t\t\t\t\t<div class=\"elementor-element elementor-element-48b78b3 elementor-widget elementor-widget-image\" data-id=\"48b78b3\" data-element_type=\"widget\" data-widget_type=\"image.default\">\n\t\t\t\t<div class=\"elementor-widget-container\">\n\t\t\t\t\t\t\t\t\t\t\t\t\t\t\t<img loading=\"lazy\" decoding=\"async\" width=\"525\" height=\"525\" src=\"https:\/\/www.rtgbratislava.sk\/wp-content\/uploads\/2024\/10\/Cierny-Stvorec-Citaty-o-jesennych-listoch-Prispevok-na-Instagram-1024x1024.png\" class=\"attachment-large size-large\" alt=\"\" srcset=\"https:\/\/www.rtgbratislava.sk\/wp-content\/uploads\/2024\/10\/Cierny-Stvorec-Citaty-o-jesennych-listoch-Prispevok-na-Instagram-1024x1024.png 1024w, https:\/\/www.rtgbratislava.sk\/wp-content\/uploads\/2024\/10\/Cierny-Stvorec-Citaty-o-jesennych-listoch-Prispevok-na-Instagram-300x300.png 300w, https:\/\/www.rtgbratislava.sk\/wp-content\/uploads\/2024\/10\/Cierny-Stvorec-Citaty-o-jesennych-listoch-Prispevok-na-Instagram-150x150.png 150w, https:\/\/www.rtgbratislava.sk\/wp-content\/uploads\/2024\/10\/Cierny-Stvorec-Citaty-o-jesennych-listoch-Prispevok-na-Instagram-768x768.png 768w, https:\/\/www.rtgbratislava.sk\/wp-content\/uploads\/2024\/10\/Cierny-Stvorec-Citaty-o-jesennych-listoch-Prispevok-na-Instagram-100x100.png 100w, https:\/\/www.rtgbratislava.sk\/wp-content\/uploads\/2024\/10\/Cierny-Stvorec-Citaty-o-jesennych-listoch-Prispevok-na-Instagram.png 1080w\" sizes=\"auto, (max-width: 525px) 100vw, 525px\" \/>\t\t\t\t\t\t\t\t\t\t\t\t\t\t\t<\/div>\n\t\t\t\t<\/div>\n\t\t\t\t<section class=\"elementor-section elementor-inner-section elementor-element elementor-element-1ea6aca elementor-section-boxed elementor-section-height-default elementor-section-height-default\" data-id=\"1ea6aca\" data-element_type=\"section\">\n\t\t\t\t\t\t<div class=\"elementor-container elementor-column-gap-default\">\n\t\t\t\t\t<div class=\"elementor-column elementor-col-100 elementor-inner-column elementor-element elementor-element-62c03c8\" data-id=\"62c03c8\" data-element_type=\"column\">\n\t\t\t<div class=\"elementor-widget-wrap elementor-element-populated\">\n\t\t\t\t\t\t\t\t<div class=\"elementor-element elementor-element-b6b7ab9 elementor-widget elementor-widget-text-editor\" data-id=\"b6b7ab9\" data-element_type=\"widget\" data-widget_type=\"text-editor.default\">\n\t\t\t\t<div class=\"elementor-widget-container\">\n\t\t\t\t\t\t\t<h2><strong>Brucho a bru\u0161n\u00e1 dutina\u00a0<\/strong><\/h2><p><span style=\"color: var(--theme-text-color); font-size: var(--bs-body-font-size); font-weight: var(--bs-body-font-weight); letter-spacing: 0px; text-align: var(--bs-body-text-align); background-color: var(--bs-body-bg);\">De\u0148 pred vy\u0161etren\u00edm <strong>odpor\u00fa\u010dame<\/strong> zvoli\u0165 \u013eahk\u00fa ve\u010deru.\u00a0 Pred samotn\u00fdm vy\u0161etren\u00edm by ste nemali aspo\u0148 4 hodiny jes\u0165 a prij\u00edma\u0165 tekutiny (neperliv\u00e9) len v obmedzenom mno\u017estve<\/span><span style=\"background-color: var(--bs-body-bg); color: var(--theme-text-color); font-size: var(--bs-body-font-size); font-weight: var(--bs-body-font-weight); letter-spacing: 0px; text-align: var(--bs-body-text-align);\">.<\/span><\/p>\t\t\t\t\t\t<\/div>\n\t\t\t\t<\/div>\n\t\t\t\t\t<\/div>\n\t\t<\/div>\n\t\t\t\t\t\t\t<\/div>\n\t\t<\/section>\n\t\t\t\t\t<\/div>\n\t\t<\/div>\n\t\t\t\t<div class=\"elementor-column elementor-col-33 elementor-top-column elementor-element elementor-element-7f90f56\" data-id=\"7f90f56\" data-element_type=\"column\">\n\t\t\t<div class=\"elementor-widget-wrap elementor-element-populated\">\n\t\t\t\t\t\t\t\t<div class=\"elementor-element elementor-element-8fd9fad elementor-widget elementor-widget-image\" data-id=\"8fd9fad\" data-element_type=\"widget\" data-widget_type=\"image.default\">\n\t\t\t\t<div class=\"elementor-widget-container\">\n\t\t\t\t\t\t\t\t\t\t\t\t\t\t\t<img loading=\"lazy\" decoding=\"async\" width=\"525\" height=\"525\" src=\"https:\/\/www.rtgbratislava.sk\/wp-content\/uploads\/2024\/10\/Cierny-Stvorec-Citaty-o-jesennych-listoch-Prispevok-na-Instagram-1024x1024.jpg\" class=\"attachment-large size-large\" alt=\"\" srcset=\"https:\/\/www.rtgbratislava.sk\/wp-content\/uploads\/2024\/10\/Cierny-Stvorec-Citaty-o-jesennych-listoch-Prispevok-na-Instagram-1024x1024.jpg 1024w, https:\/\/www.rtgbratislava.sk\/wp-content\/uploads\/2024\/10\/Cierny-Stvorec-Citaty-o-jesennych-listoch-Prispevok-na-Instagram-300x300.jpg 300w, https:\/\/www.rtgbratislava.sk\/wp-content\/uploads\/2024\/10\/Cierny-Stvorec-Citaty-o-jesennych-listoch-Prispevok-na-Instagram-150x150.jpg 150w, https:\/\/www.rtgbratislava.sk\/wp-content\/uploads\/2024\/10\/Cierny-Stvorec-Citaty-o-jesennych-listoch-Prispevok-na-Instagram-768x768.jpg 768w, https:\/\/www.rtgbratislava.sk\/wp-content\/uploads\/2024\/10\/Cierny-Stvorec-Citaty-o-jesennych-listoch-Prispevok-na-Instagram-100x100.jpg 100w, https:\/\/www.rtgbratislava.sk\/wp-content\/uploads\/2024\/10\/Cierny-Stvorec-Citaty-o-jesennych-listoch-Prispevok-na-Instagram.jpg 1080w\" sizes=\"auto, (max-width: 525px) 100vw, 525px\" \/>\t\t\t\t\t\t\t\t\t\t\t\t\t\t\t<\/div>\n\t\t\t\t<\/div>\n\t\t\t\t<div class=\"elementor-element elementor-element-ed0ece2 elementor-widget elementor-widget-text-editor\" data-id=\"ed0ece2\" data-element_type=\"widget\" data-widget_type=\"text-editor.default\">\n\t\t\t\t<div class=\"elementor-widget-container\">\n\t\t\t\t\t\t\t<h2><strong style=\"font-size: 1.625rem; background-color: var(--bs-body-bg); letter-spacing: 0px; text-align: var(--bs-body-text-align);\">Obli\u010dky a mo\u010dov\u00fd mech\u00far<\/strong><\/h2><p>1 a\u017e 2 hodiny pred vy\u0161etren\u00edm vypite aspo\u0148 0,5 a\u017e 1 liter tekut\u00edn (najlep\u0161ie nes\u00fdten\u00fa vodu alebo \u010daj). Na vy\u0161etrenie je d\u00f4le\u017eit\u00e9 pr\u00eds\u0165 s pln\u00fdm mo\u010dov\u00fdm mech\u00farom.<\/p>\t\t\t\t\t\t<\/div>\n\t\t\t\t<\/div>\n\t\t\t\t\t<\/div>\n\t\t<\/div>\n\t\t\t\t<div class=\"elementor-column elementor-col-33 elementor-top-column elementor-element elementor-element-d8437bb\" data-id=\"d8437bb\" data-element_type=\"column\">\n\t\t\t<div class=\"elementor-widget-wrap elementor-element-populated\">\n\t\t\t\t\t\t\t\t<div class=\"elementor-element elementor-element-1645561 elementor-widget elementor-widget-image\" data-id=\"1645561\" data-element_type=\"widget\" data-widget_type=\"image.default\">\n\t\t\t\t<div class=\"elementor-widget-container\">\n\t\t\t\t\t\t\t\t\t\t\t\t\t\t\t<img loading=\"lazy\" decoding=\"async\" width=\"525\" height=\"525\" src=\"https:\/\/www.rtgbratislava.sk\/wp-content\/uploads\/2024\/10\/Cierny-Stvorec-Citaty-o-jesennych-listoch-Prispevok-na-Instagram-1-1024x1024.png\" class=\"attachment-large size-large\" alt=\"\" srcset=\"https:\/\/www.rtgbratislava.sk\/wp-content\/uploads\/2024\/10\/Cierny-Stvorec-Citaty-o-jesennych-listoch-Prispevok-na-Instagram-1-1024x1024.png 1024w, https:\/\/www.rtgbratislava.sk\/wp-content\/uploads\/2024\/10\/Cierny-Stvorec-Citaty-o-jesennych-listoch-Prispevok-na-Instagram-1-300x300.png 300w, https:\/\/www.rtgbratislava.sk\/wp-content\/uploads\/2024\/10\/Cierny-Stvorec-Citaty-o-jesennych-listoch-Prispevok-na-Instagram-1-150x150.png 150w, https:\/\/www.rtgbratislava.sk\/wp-content\/uploads\/2024\/10\/Cierny-Stvorec-Citaty-o-jesennych-listoch-Prispevok-na-Instagram-1-768x768.png 768w, https:\/\/www.rtgbratislava.sk\/wp-content\/uploads\/2024\/10\/Cierny-Stvorec-Citaty-o-jesennych-listoch-Prispevok-na-Instagram-1-100x100.png 100w, https:\/\/www.rtgbratislava.sk\/wp-content\/uploads\/2024\/10\/Cierny-Stvorec-Citaty-o-jesennych-listoch-Prispevok-na-Instagram-1.png 1080w\" sizes=\"auto, (max-width: 525px) 100vw, 525px\" \/>\t\t\t\t\t\t\t\t\t\t\t\t\t\t\t<\/div>\n\t\t\t\t<\/div>\n\t\t\t\t<div class=\"elementor-element elementor-element-9123693 elementor-widget elementor-widget-text-editor\" data-id=\"9123693\" data-element_type=\"widget\" data-widget_type=\"text-editor.default\">\n\t\t\t\t<div class=\"elementor-widget-container\">\n\t\t\t\t\t\t\t<h2>Ostatn\u00e9 vy\u0161etrenia<\/h2><p>Na ostatn\u00e9 ultrazvukov\u00e9 vy\u0161etrenia nie je potrebn\u00e1 \u017eiadna \u0161peci\u00e1lna pr\u00edprava.<\/p>\t\t\t\t\t\t<\/div>\n\t\t\t\t<\/div>\n\t\t\t\t\t<\/div>\n\t\t<\/div>\n\t\t\t\t\t\t\t<\/div>\n\t\t<\/section>\n\t\t\t\t<section class=\"elementor-section elementor-top-section elementor-element elementor-element-d9ccea0 elementor-section-boxed elementor-section-height-default elementor-section-height-default\" data-id=\"d9ccea0\" data-element_type=\"section\">\n\t\t\t\t\t\t<div class=\"elementor-container elementor-column-gap-default\">\n\t\t\t\t\t<div class=\"elementor-column elementor-col-100 elementor-top-column elementor-element elementor-element-9dea541\" data-id=\"9dea541\" data-element_type=\"column\">\n\t\t\t<div class=\"elementor-widget-wrap elementor-element-populated\">\n\t\t\t\t\t\t\t\t<div class=\"elementor-element elementor-element-2b435cb elementor-widget elementor-widget-embedpres_elementor\" data-id=\"2b435cb\" data-element_type=\"widget\" data-widget_type=\"embedpres_elementor.default\">\n\t\t\t\t<div class=\"elementor-widget-container\">\n\t\t\t        <div class=\"embedpress-elements-wrapper \">\n            <script type=\"text\/javascript\" src=\"https:\/\/bookio-services-eu.s3.eu-central-1.amazonaws.com\/assets\/widget.bookio.js\"><\/script> <iframe id=\"bookio-iframe\" src=\"https:\/\/services.bookio.com\/radiolog-sro\/widget?lang=sk\" width=\"100%\" onload=\"initBookioWidget()\" scrolling=\"no\"><\/iframe>        <\/div>\n        \t\t<\/div>\n\t\t\t\t<\/div>\n\t\t\t\t\t<\/div>\n\t\t<\/div>\n\t\t\t\t\t\t\t<\/div>\n\t\t<\/section>\n\t\t\t\t<section class=\"elementor-section elementor-top-section elementor-element elementor-element-dd3d02e elementor-section-boxed elementor-section-height-default elementor-section-height-default\" data-id=\"dd3d02e\" data-element_type=\"section\">\n\t\t\t\t\t\t<div class=\"elementor-container elementor-column-gap-default\">\n\t\t\t\t\t<div class=\"elementor-column elementor-col-100 elementor-top-column elementor-element elementor-element-d9d6e9c\" data-id=\"d9d6e9c\" data-element_type=\"column\">\n\t\t\t<div class=\"elementor-widget-wrap\">\n\t\t\t\t\t\t\t\t\t<\/div>\n\t\t<\/div>\n\t\t\t\t\t\t\t<\/div>\n\t\t<\/section>\n\t\t\t\t<section class=\"elementor-section elementor-top-section elementor-element elementor-element-b842917 elementor-section-boxed elementor-section-height-default elementor-section-height-default\" data-id=\"b842917\" data-element_type=\"section\">\n\t\t\t\t\t\t<div class=\"elementor-container elementor-column-gap-default\">\n\t\t\t\t\t<div class=\"elementor-column elementor-col-100 elementor-top-column elementor-element elementor-element-cd336f5\" data-id=\"cd336f5\" data-element_type=\"column\">\n\t\t\t<div class=\"elementor-widget-wrap\">\n\t\t\t\t\t\t\t\t\t<\/div>\n\t\t<\/div>\n\t\t\t\t\t\t\t<\/div>\n\t\t<\/section>\n\t\t\t\t\t\t<\/div>\n\t\t\t\t\t<\/div>\n\t\t","protected":false},"excerpt":{"rendered":"<p>R\u00e1diologick\u00e9 centrum Poliklinika Teheln\u00e1Poliklinika Bebravsk\u00e1 OBJEDNA\u0164 SA RTG &#8211; bez objednaniaSONOGRAFIA &#8211; na objednanie Poliklinika Teheln\u00e1, ul. Teheln\u00e1 26, Bratislava-Nov\u00e9 Mesto -zmluvn\u00fd vz\u0165ah V\u0161ZP a UNION, pacientov D\u00f4vera vy\u0161etr\u00edme iba ako samoplatcov. Poliklinika Bebravsk\u00e1, ul. Bebravsk\u00e1 34, Bratislava-Podunajsk\u00e9 Biskupice&#8211; zmluvn\u00fd vz\u0165ah V\u0161ZP, UNION, D\u00f4vera Cenn\u00edk pre samoplatcov . SONOGRAFIA RTG BLOG Pr\u00edprava na vy\u0161etrenie Brucho [&hellip;]<\/p>\n","protected":false},"author":1,"featured_media":0,"parent":0,"menu_order":0,"comment_status":"closed","ping_status":"closed","template":"page-template\/right-sidebar.php","meta":{"footnotes":""},"class_list":["post-6","page","type-page","status-publish","hentry"],"_links":{"self":[{"href":"https:\/\/www.rtgbratislava.sk\/index.php?rest_route=\/wp\/v2\/pages\/6","targetHints":{"allow":["GET"]}}],"collection":[{"href":"https:\/\/www.rtgbratislava.sk\/index.php?rest_route=\/wp\/v2\/pages"}],"about":[{"href":"https:\/\/www.rtgbratislava.sk\/index.php?rest_route=\/wp\/v2\/types\/page"}],"author":[{"embeddable":true,"href":"https:\/\/www.rtgbratislava.sk\/index.php?rest_route=\/wp\/v2\/users\/1"}],"replies":[{"embeddable":true,"href":"https:\/\/www.rtgbratislava.sk\/index.php?rest_route=%2Fwp%2Fv2%2Fcomments&post=6"}],"version-history":[{"count":458,"href":"https:\/\/www.rtgbratislava.sk\/index.php?rest_route=\/wp\/v2\/pages\/6\/revisions"}],"predecessor-version":[{"id":1142,"href":"https:\/\/www.rtgbratislava.sk\/index.php?rest_route=\/wp\/v2\/pages\/6\/revisions\/1142"}],"wp:attachment":[{"href":"https:\/\/www.rtgbratislava.sk\/index.php?rest_route=%2Fwp%2Fv2%2Fmedia&parent=6"}],"curies":[{"name":"wp","href":"https:\/\/api.w.org\/{rel}","templated":true}]}}